{"id":707,"date":"2021-07-19T12:43:00","date_gmt":"2021-07-19T11:43:00","guid":{"rendered":"https:\/\/laboratorioquintal.org\/?page_id=707"},"modified":"2021-07-28T21:31:41","modified_gmt":"2021-07-28T20:31:41","slug":"publicacoes","status":"publish","type":"page","link":"https:\/\/laboratorioquintal.org\/index.php\/pt\/publicacoes\/","title":{"rendered":"Publica\u00e7\u00f5es"},"content":{"rendered":"<p>P\u00c1GINA EM CONSTRU\u00c7\u00c3O<\/p>\n","protected":false},"excerpt":{"rendered":"<p>P\u00c1GINA EM CONSTRU\u00c7\u00c3O<\/p>\n","protected":false},"author":1,"featured_media":0,"parent":0,"menu_order":0,"comment_status":"closed","ping_status":"closed","template":"","meta":{"footnotes":""},"class_list":["post-707","page","type-page","status-publish","hentry"],"_links":{"self":[{"href":"https:\/\/laboratorioquintal.org\/index.php\/wp-json\/wp\/v2\/pages\/707","targetHints":{"allow":["GET"]}}],"collection":[{"href":"https:\/\/laboratorioquintal.org\/index.php\/wp-json\/wp\/v2\/pages"}],"about":[{"href":"https:\/\/laboratorioquintal.org\/index.php\/wp-json\/wp\/v2\/types\/page"}],"author":[{"embeddable":true,"href":"https:\/\/laboratorioquintal.org\/index.php\/wp-json\/wp\/v2\/users\/1"}],"replies":[{"embeddable":true,"href":"https:\/\/laboratorioquintal.org\/index.php\/wp-json\/wp\/v2\/comments?post=707"}],"version-history":[{"count":2,"href":"https:\/\/laboratorioquintal.org\/index.php\/wp-json\/wp\/v2\/pages\/707\/revisions"}],"predecessor-version":[{"id":718,"href":"https:\/\/laboratorioquintal.org\/index.php\/wp-json\/wp\/v2\/pages\/707\/revisions\/718"}],"wp:attachment":[{"href":"https:\/\/laboratorioquintal.org\/index.php\/wp-json\/wp\/v2\/media?parent=707"}],"curies":[{"name":"wp","href":"https:\/\/api.w.org\/{rel}","templated":true}]}}