{"id":703,"date":"2021-07-19T12:38:04","date_gmt":"2021-07-19T11:38:04","guid":{"rendered":"https:\/\/laboratorioquintal.org\/?page_id=703"},"modified":"2021-09-17T08:08:49","modified_gmt":"2021-09-17T07:08:49","slug":"projectos","status":"publish","type":"page","link":"https:\/\/laboratorioquintal.org\/index.php\/pt\/projectos\/","title":{"rendered":"Projectos"},"content":{"rendered":"<p>P\u00c1GINA EM CONSTRU\u00c7\u00c3O<\/p>\n","protected":false},"excerpt":{"rendered":"<p>P\u00c1GINA EM CONSTRU\u00c7\u00c3O<\/p>\n","protected":false},"author":1,"featured_media":0,"parent":0,"menu_order":0,"comment_status":"closed","ping_status":"closed","template":"","meta":{"footnotes":""},"class_list":["post-703","page","type-page","status-publish","hentry"],"_links":{"self":[{"href":"https:\/\/laboratorioquintal.org\/index.php\/wp-json\/wp\/v2\/pages\/703","targetHints":{"allow":["GET"]}}],"collection":[{"href":"https:\/\/laboratorioquintal.org\/index.php\/wp-json\/wp\/v2\/pages"}],"about":[{"href":"https:\/\/laboratorioquintal.org\/index.php\/wp-json\/wp\/v2\/types\/page"}],"author":[{"embeddable":true,"href":"https:\/\/laboratorioquintal.org\/index.php\/wp-json\/wp\/v2\/users\/1"}],"replies":[{"embeddable":true,"href":"https:\/\/laboratorioquintal.org\/index.php\/wp-json\/wp\/v2\/comments?post=703"}],"version-history":[{"count":2,"href":"https:\/\/laboratorioquintal.org\/index.php\/wp-json\/wp\/v2\/pages\/703\/revisions"}],"predecessor-version":[{"id":863,"href":"https:\/\/laboratorioquintal.org\/index.php\/wp-json\/wp\/v2\/pages\/703\/revisions\/863"}],"wp:attachment":[{"href":"https:\/\/laboratorioquintal.org\/index.php\/wp-json\/wp\/v2\/media?parent=703"}],"curies":[{"name":"wp","href":"https:\/\/api.w.org\/{rel}","templated":true}]}}