{"id":638,"date":"2021-06-29T16:01:37","date_gmt":"2021-06-29T15:01:37","guid":{"rendered":"https:\/\/laboratorioquintal.org\/?page_id=638"},"modified":"2021-09-17T16:47:24","modified_gmt":"2021-09-17T15:47:24","slug":"o-que-podes-fazer","status":"publish","type":"page","link":"https:\/\/laboratorioquintal.org\/index.php\/pt\/o-que-podes-fazer\/","title":{"rendered":"O que pode fazer"},"content":{"rendered":"<p><span style=\"font-family: 'book antiqua', palatino;\">H\u00e1 v\u00e1rias formas de participar nas iniciativas do Quintal e ajudar a arte e a investiga\u00e7\u00e3o nos pa\u00edses de l\u00edngua oficial portuguesa (CPLP).<\/span><\/p>\n<p><span style=\"font-family: 'book antiqua', palatino;\"><strong>TORNE-SE UM QUINTALEIRO<\/strong><\/span><\/p>\n<p><span style=\"font-family: 'book antiqua', palatino;\">Para ser membro de Quintal preencha a ficha de inscri\u00e7\u00e3o dispon\u00edvel em\u00a0<a href=\"https:\/\/laboratorioquintal.org\/wp-content\/uploads\/2021\/07\/MODULO-DI-ISCRIZIONE_Quintal.docx.pdf\">italiano<\/a>,\u00a0<a href=\"https:\/\/laboratorioquintal.org\/wp-content\/uploads\/2021\/07\/FICHA-DE-INSCRIC%CC%A7A%CC%83O_Quintal.docx.pdf\">portugu\u00eas<\/a>\u00a0e\u00a0<a href=\"https:\/\/laboratorioquintal.org\/wp-content\/uploads\/2021\/07\/APPLICATION-FORM_Quintal.docx.pdf\">ingl\u00eas<\/a>. Uma vez preenchido e\u00a0 o formul\u00e1rio, envie-o para o endere\u00e7o de correio electr\u00f3nico\u00a0<a href=\"mailto:quintal.arte.pesquisa@gmail.com\">quintal.arte.pesquisa@gmail.com<\/a>. Enviar-lhe-emos as coordenadas banc\u00e1rias para o pagamento da cota de inscri\u00e7\u00e3o do valor de 10 \u20ac que assinalar\u00e1 a sua entrada oficial no Quintal. N\u00e3o se esque\u00e7a de consultar o\u00a0<a href=\"https:\/\/laboratorioquintal.org\/wp-content\/uploads\/2021\/07\/REGOLAMENTO-INTERNO-QUINTAL-Italiano.docx.pdf\">regulamento interno<\/a>\u00a0onde poder\u00e1 encontrar todas as informa\u00e7\u00f5es relativas \u00e0s nossas modalidades associativas.<\/span><\/p>\n<p><span style=\"font-family: 'book antiqua', palatino;\"><strong>APOIE-NOS<\/strong><\/span><\/p>\n<p><span style=\"font-family: 'book antiqua', palatino;\">Pode apoiar as nossas iniciativas, fazendo uma doa\u00e7\u00e3o para a conta corrente de Quintal utilizando os seguintes dados banc\u00e1rios:\u00a0<strong>IBAN:\u00a0 IT04E0306906909606100000180686<\/strong>, para o titular\u00a0<strong>Associazione di Promozione Sociale Quintal<\/strong>. Para cada doa\u00e7\u00e3o recebida, confirmaremos ao remetente a rece\u00e7\u00e3o dos valores e a forma como as doa\u00e7\u00f5es ser\u00e3o utilizadas.<\/span><\/p>\n<p><span style=\"font-family: 'book antiqua', palatino;\"><strong>DOE O SEU 5 PER MILLE<\/strong><\/span><\/p>\n<p><span style=\"font-family: 'book antiqua', palatino;\">Doe 5\u00d71000 do seu IRPEF, se for um contribuinte italiano, ou o valor equivalente ao 0,5% do imposto sobre o rendimento das pessoas singulares, de acordo com a legisla\u00e7\u00e3o fiscal do seu pa\u00eds.\u00a0 Para este efeito, quando preencher a sua declara\u00e7\u00e3o de rendimentos, introduza o nosso c\u00f3digo fiscal\u00a0<strong>93156720752<\/strong>\u00a0e o titular\u00a0<strong>ASSOCIAZIONE DI PROMOZIONE SOCIALE QUINTAL<\/strong>\u00a0no campo destinado \u00e0 consigna\u00e7\u00e3o do IRS em favor das entidades benefici\u00e1rias.<\/span><\/p>\n<p><span style=\"font-family: 'book antiqua', palatino;\"><strong>PROJECTA E CRIA COM QUINTAL<\/strong><\/span><\/p>\n<p><span style=\"font-family: 'book antiqua', palatino;\">Se for um artista ou um promotor cultural e necessitar de ajuda para realizar o seu projecto ou promover as suas iniciativas, contacte-nos\u00a0 atrav\u00e9s do endere\u00e7o de correio electr\u00f3nico quintal.arte.pesquisa@gmail.com. A nossa equipa estar\u00e1 dispon\u00edvel para ouvir as suas ideias, sugerir solu\u00e7\u00f5es e oferecer apoio de diferentes formas.<\/span><\/p>\n","protected":false},"excerpt":{"rendered":"<p>H\u00e1 v\u00e1rias formas de participar nas iniciativas do Quintal e ajudar a arte e a investiga\u00e7\u00e3o nos pa\u00edses de l\u00edngua oficial portuguesa (CPLP). TORNE-SE UM QUINTALEIRO Para ser membro de Quintal preencha a ficha de inscri\u00e7\u00e3o dispon\u00edvel em\u00a0italiano,\u00a0portugu\u00eas\u00a0e\u00a0ingl\u00eas. Uma vez&#8230; <a class=\"more-link\" href=\"https:\/\/laboratorioquintal.org\/index.php\/pt\/o-que-podes-fazer\/\">Continua a leggere &rarr;<\/a><\/p>\n","protected":false},"author":1,"featured_media":0,"parent":0,"menu_order":0,"comment_status":"closed","ping_status":"closed","template":"","meta":{"footnotes":""},"class_list":["post-638","page","type-page","status-publish","hentry"],"_links":{"self":[{"href":"https:\/\/laboratorioquintal.org\/index.php\/wp-json\/wp\/v2\/pages\/638","targetHints":{"allow":["GET"]}}],"collection":[{"href":"https:\/\/laboratorioquintal.org\/index.php\/wp-json\/wp\/v2\/pages"}],"about":[{"href":"https:\/\/laboratorioquintal.org\/index.php\/wp-json\/wp\/v2\/types\/page"}],"author":[{"embeddable":true,"href":"https:\/\/laboratorioquintal.org\/index.php\/wp-json\/wp\/v2\/users\/1"}],"replies":[{"embeddable":true,"href":"https:\/\/laboratorioquintal.org\/index.php\/wp-json\/wp\/v2\/comments?post=638"}],"version-history":[{"count":3,"href":"https:\/\/laboratorioquintal.org\/index.php\/wp-json\/wp\/v2\/pages\/638\/revisions"}],"predecessor-version":[{"id":931,"href":"https:\/\/laboratorioquintal.org\/index.php\/wp-json\/wp\/v2\/pages\/638\/revisions\/931"}],"wp:attachment":[{"href":"https:\/\/laboratorioquintal.org\/index.php\/wp-json\/wp\/v2\/media?parent=638"}],"curies":[{"name":"wp","href":"https:\/\/api.w.org\/{rel}","templated":true}]}}