{"id":634,"date":"2021-07-27T01:03:13","date_gmt":"2021-07-27T00:03:13","guid":{"rendered":"https:\/\/laboratorioquintal.org\/?page_id=634"},"modified":"2024-02-07T15:57:24","modified_gmt":"2024-02-07T15:57:24","slug":"missao-visao","status":"publish","type":"page","link":"https:\/\/laboratorioquintal.org\/index.php\/pt\/missao-visao\/","title":{"rendered":"Miss\u00e3o &#038; Vis\u00e3o"},"content":{"rendered":"<blockquote>\n<p style=\"text-align: center;\"><span style=\"font-family: georgia, palatino;\"><em><span style=\"font-size: 14pt;\"><span style=\"color: #993366;\">Acreditamos na mudan\u00e7a social atrav\u00e9s da arte e da investiga\u00e7\u00e3o e estamos empenhados em promover a inclus\u00e3o e a participa\u00e7\u00e3o com o objectivo de dar origem a novas oportunidades de crescimento.<\/span><\/span><\/em><\/span><\/p>\n<\/blockquote>\n<p style=\"text-align: right;\"><span style=\"font-family: 'book antiqua', palatino;\">QUINTAL \u00e9 uma APS &#8211; Associa\u00e7\u00e3o de Promo\u00e7\u00e3o Social<\/span><br \/>\n<span style=\"font-family: 'book antiqua', palatino;\">que visa promover o di\u00e1logo e a intersec\u00e7\u00e3o entre as artes e a investiga\u00e7\u00e3o cient\u00edfica, com particular aten\u00e7\u00e3o ao campo da etnomusicologia e antropologia, de acordo com uma metodologia participativa. O seu principal objectivo \u00e9 <strong>promover e divulgar as diferentes artes performativas e visuais, a fim de contribuir para o conhecimento da cultura dos pa\u00edses de l\u00edngua oficial portuguesa e das comunidades da di\u00e1spora presentes no territ\u00f3rio italiano e europeu<\/strong>. A associa\u00e7\u00e3o estar\u00e1 aberta \u00e0 realiza\u00e7\u00e3o de actividades art\u00edsticas e de investiga\u00e7\u00e3o relacionadas tamb\u00e9m com outros territ\u00f3rios, se puder favorecer o interc\u00e2mbio cultural e encorajar a educa\u00e7\u00e3o e a mudan\u00e7a social atrav\u00e9s da arte.<\/span><\/p>\n<p style=\"text-align: right;\"><span style=\"font-family: 'book antiqua', palatino;\">Em muitas culturas, o <strong>quintal<\/strong> \u00e9 uma \u00e1rea fora da casa principal, geralmente um p\u00e1tio, onde a fam\u00edlia e amigos se re\u00fanem, comem as suas refei\u00e7\u00f5es, discutem uma variedade de t\u00f3picos, relaxam, trocam informa\u00e7\u00f5es ou tomam decis\u00f5es importantes, trocar informa\u00e7\u00f5es ou tomar decis\u00f5es importantes. \u00c9 o local de encontro por excel\u00eancia que, na intimidade do espa\u00e7o dom\u00e9stico, consegue ser acolhedor tamb\u00e9m para os visitantes externos.<\/span><\/p>\n<p style=\"text-align: right;\"><span style=\"font-family: 'book antiqua', palatino;\">O nome da associa\u00e7\u00e3o \u00e9, portanto, alusivo a este ambiente inclusivo e participativo que nos inspira. <strong>Propomos a difus\u00e3o do conhecimento numa dimens\u00e3o mais ampla e transnacional, de acordo com canais horizontais, inovadores e sustent\u00e1veis.<\/strong><\/span><\/p>\n","protected":false},"excerpt":{"rendered":"<p>Acreditamos na mudan\u00e7a social atrav\u00e9s da arte e da investiga\u00e7\u00e3o e estamos empenhados em promover a inclus\u00e3o e a participa\u00e7\u00e3o com o objectivo de dar origem a novas oportunidades de crescimento. QUINTAL \u00e9 uma APS &#8211; Associa\u00e7\u00e3o de Promo\u00e7\u00e3o Social&#8230; <a class=\"more-link\" href=\"https:\/\/laboratorioquintal.org\/index.php\/pt\/missao-visao\/\">Continua a leggere &rarr;<\/a><\/p>\n","protected":false},"author":1,"featured_media":0,"parent":0,"menu_order":0,"comment_status":"closed","ping_status":"closed","template":"","meta":{"footnotes":""},"class_list":["post-634","page","type-page","status-publish","hentry"],"_links":{"self":[{"href":"https:\/\/laboratorioquintal.org\/index.php\/wp-json\/wp\/v2\/pages\/634","targetHints":{"allow":["GET"]}}],"collection":[{"href":"https:\/\/laboratorioquintal.org\/index.php\/wp-json\/wp\/v2\/pages"}],"about":[{"href":"https:\/\/laboratorioquintal.org\/index.php\/wp-json\/wp\/v2\/types\/page"}],"author":[{"embeddable":true,"href":"https:\/\/laboratorioquintal.org\/index.php\/wp-json\/wp\/v2\/users\/1"}],"replies":[{"embeddable":true,"href":"https:\/\/laboratorioquintal.org\/index.php\/wp-json\/wp\/v2\/comments?post=634"}],"version-history":[{"count":6,"href":"https:\/\/laboratorioquintal.org\/index.php\/wp-json\/wp\/v2\/pages\/634\/revisions"}],"predecessor-version":[{"id":1281,"href":"https:\/\/laboratorioquintal.org\/index.php\/wp-json\/wp\/v2\/pages\/634\/revisions\/1281"}],"wp:attachment":[{"href":"https:\/\/laboratorioquintal.org\/index.php\/wp-json\/wp\/v2\/media?parent=634"}],"curies":[{"name":"wp","href":"https:\/\/api.w.org\/{rel}","templated":true}]}}