{"id":38,"date":"2021-06-05T17:18:33","date_gmt":"2021-06-05T17:18:33","guid":{"rendered":"https:\/\/laboratorioquintal.org\/?page_id=38"},"modified":"2021-08-02T11:24:58","modified_gmt":"2021-08-02T10:24:58","slug":"about-us","status":"publish","type":"page","link":"https:\/\/laboratorioquintal.org\/index.php\/about-us\/","title":{"rendered":"Chi Siamo"},"content":{"rendered":"<p><span style=\"font-family: tahoma, arial, helvetica, sans-serif; font-size: 10pt;\"><span style=\"font-weight: 400;\">L&#8217;associazione QUINTAL nasce dall&#8217;incontro di sette persone, in luoghi e momenti diversi che accomunate dalla lingua portoghese e dall&#8217;interesse per le arti e l&#8217;etnografia, hanno deciso di riunirsi e creare, attraverso le loro diverse esperienze e competenze, uno spazio dove p<\/span><span style=\"font-weight: 400;\">ossano avere luogo il dibattito, la discussione e la condivisione coinvolgendo tutti i pote<\/span>nziali interessati.<\/span><\/p>\n<p><span style=\"font-family: tahoma, arial, helvetica, sans-serif; font-size: 10pt;\"><img fetchpriority=\"high\" decoding=\"async\" class=\"size-medium wp-image-257 alignright\" src=\"https:\/\/laboratorioquintal.org\/wp-content\/uploads\/2021\/06\/WhatsApp-Image-2021-01-05-at-21.53.46-300x188.jpeg\" alt=\"\" width=\"300\" height=\"188\" srcset=\"https:\/\/laboratorioquintal.org\/wp-content\/uploads\/2021\/06\/WhatsApp-Image-2021-01-05-at-21.53.46-300x188.jpeg 300w, https:\/\/laboratorioquintal.org\/wp-content\/uploads\/2021\/06\/WhatsApp-Image-2021-01-05-at-21.53.46-1024x640.jpeg 1024w, https:\/\/laboratorioquintal.org\/wp-content\/uploads\/2021\/06\/WhatsApp-Image-2021-01-05-at-21.53.46-768x480.jpeg 768w, https:\/\/laboratorioquintal.org\/wp-content\/uploads\/2021\/06\/WhatsApp-Image-2021-01-05-at-21.53.46-600x375.jpeg 600w, https:\/\/laboratorioquintal.org\/wp-content\/uploads\/2021\/06\/WhatsApp-Image-2021-01-05-at-21.53.46-945x591.jpeg 945w, https:\/\/laboratorioquintal.org\/wp-content\/uploads\/2021\/06\/WhatsApp-Image-2021-01-05-at-21.53.46.jpeg 1280w\" sizes=\"(max-width: 300px) 100vw, 300px\" \/><\/span><\/p>\n<p><span style=\"font-weight: 400; font-family: tahoma, arial, helvetica, sans-serif; font-size: 10pt;\">La sede dell&#8217;associazione si trova nella citt\u00e0 di Lecce, in Italia.<\/span><\/p>\n<p><span style=\"font-weight: 400; font-family: tahoma, arial, helvetica, sans-serif; font-size: 10pt;\">I soci fondatori sono originari di Italia, Portogallo, Angola, Brasile, ma risiedono anche in Mozambico e a S\u00e3o Tom\u00e9 e Pr\u00edncipe.<\/span><\/p>\n<p>&nbsp;<\/p>\n<p style=\"text-align: right;\"><span style=\"font-family: tahoma, arial, helvetica, sans-serif;\"><span style=\"font-size: 8pt;\"><strong><em>Photo: Prima riunione tenutasi su ZOOM a Dicembre 2020.<\/em><\/strong><\/span><span style=\"font-size: 8pt;\"><br \/>\n<\/span><\/span><\/p>\n<p>&nbsp;<\/p>\n<hr \/>\n<p><span style=\"font-family: tahoma, arial, helvetica, sans-serif; font-size: 10pt;\">A associa\u00e7\u00e3o QUINTAL nasceu do encontro de sete pessoas que, embora em lugares e momentos diferentes, estavam unidas pela l\u00edngua portuguesa &#8211; quer por perten\u00e7a quer por paix\u00e3o &#8211; e pelo interesse pelas artes e etnografia, decidiram reunir-se e criar um espa\u00e7o onde o debate, a discuss\u00e3o e a partilha pudessem ter lugar envolvendo indiv\u00edduos e realidades activas e canalizando redes j\u00e1 existentes.<\/span><\/p>\n<p><span style=\"font-family: tahoma, arial, helvetica, sans-serif; font-size: 10pt;\">A sede da associa\u00e7\u00e3o est\u00e1 localizada na cidade de Lecce, It\u00e1lia.<\/span><\/p>\n<p><span style=\"font-family: tahoma, arial, helvetica, sans-serif; font-size: 10pt;\">Os membros fundadores v\u00eam de It\u00e1lia, Portugal, Angola, Brasil, mas tamb\u00e9m residem em Mo\u00e7ambique e S\u00e3o Tom\u00e9 e Pr\u00edncipe.<\/span><\/p>\n","protected":false},"excerpt":{"rendered":"<p>L&#8217;associazione QUINTAL nasce dall&#8217;incontro di sette persone, in luoghi e momenti diversi che accomunate dalla lingua portoghese e dall&#8217;interesse per le arti e l&#8217;etnografia, hanno deciso di riunirsi e creare, attraverso le loro diverse esperienze e competenze, uno spazio dove&#8230; <a class=\"more-link\" href=\"https:\/\/laboratorioquintal.org\/index.php\/about-us\/\">Continua a leggere &rarr;<\/a><\/p>\n","protected":false},"author":1,"featured_media":0,"parent":0,"menu_order":0,"comment_status":"closed","ping_status":"closed","template":"","meta":{"footnotes":""},"class_list":["post-38","page","type-page","status-publish","hentry"],"_links":{"self":[{"href":"https:\/\/laboratorioquintal.org\/index.php\/wp-json\/wp\/v2\/pages\/38","targetHints":{"allow":["GET"]}}],"collection":[{"href":"https:\/\/laboratorioquintal.org\/index.php\/wp-json\/wp\/v2\/pages"}],"about":[{"href":"https:\/\/laboratorioquintal.org\/index.php\/wp-json\/wp\/v2\/types\/page"}],"author":[{"embeddable":true,"href":"https:\/\/laboratorioquintal.org\/index.php\/wp-json\/wp\/v2\/users\/1"}],"replies":[{"embeddable":true,"href":"https:\/\/laboratorioquintal.org\/index.php\/wp-json\/wp\/v2\/comments?post=38"}],"version-history":[{"count":8,"href":"https:\/\/laboratorioquintal.org\/index.php\/wp-json\/wp\/v2\/pages\/38\/revisions"}],"predecessor-version":[{"id":744,"href":"https:\/\/laboratorioquintal.org\/index.php\/wp-json\/wp\/v2\/pages\/38\/revisions\/744"}],"wp:attachment":[{"href":"https:\/\/laboratorioquintal.org\/index.php\/wp-json\/wp\/v2\/media?parent=38"}],"curies":[{"name":"wp","href":"https:\/\/api.w.org\/{rel}","templated":true}]}}